{"id":460,"date":"2020-01-01T17:43:02","date_gmt":"2020-01-01T16:43:02","guid":{"rendered":"https:\/\/evelyne-jardin.fr\/?page_id=460"},"modified":"2021-10-12T19:40:19","modified_gmt":"2021-10-12T17:40:19","slug":"communication-associative","status":"publish","type":"page","link":"https:\/\/evelyne-jardin.fr\/index.php\/communication-associative\/","title":{"rendered":"Communication associative"},"content":{"rendered":"\n<h2 class=\"wp-block-heading\">Depuis 2011, Evelyne Jardin forme des b\u00e9n\u00e9voles et des responsables associatifs \u00e0 la communication sur Internet. Elle aussi auteure pour Juris Associations et experte pour Associath\u00e8que.<\/h2>\n\n\n\n<h3 class=\"wp-block-heading\">Auteure pour Juris Association et Associath\u00e8que<\/h3>\n\n\n\n<p>Le guide pratique <em>Bien communiquer pour le Web<\/em> (hors s\u00e9rie Juris Associations, Dalloz, 2e \u00e9dition, 2020) est le fruit de nombreuses ann\u00e9es d\u2019exp\u00e9rience au service Communication d\u2019une association et comme formatrice de salari\u00e9s, b\u00e9n\u00e9voles et responsables d\u2019association.<\/p>\n\n\n\n<p>Suite au succ\u00e8s commercial de la premi\u00e8re \u00e9dition et \u00e0 une \u00e9volution des pratiques des communications associatives, une 2e \u00e9dition est parue en juin 2020.<\/p>\n\n\n\n<p>Ce 2e opus contient des t\u00e9moignages de charg\u00e9.es de communication d&rsquo;associations et d&rsquo;ONG : ADULLACT, AIDES, Amnesty International France, ARSLA, CEAN, Electrolab, Framasoft, LibreOffice francophone, Proxit\u00e9, Wikim\u00e9dia France&#8230;<\/p>\n\n\n\n<p class=\"has-text-align-center\"><strong>Prix : 20\u20ac la version papier et 15\u20ac la version num\u00e9rique<\/strong><\/p>\n\n\n\n<div class=\"wp-block-button aligncenter\"><a class=\"wp-block-button__link has-text-color has-very-light-gray-color has-background\" href=\"https:\/\/www.boutique-dalloz.fr\/bien-communiquer-sur-le-web-p.html\" style=\"background-color:#5a5a5a\">COMMANDER<\/a><\/div>\n\n\n\n<h3 class=\"wp-block-heading\">Experte pour Associath\u00e8que<\/h3>\n\n\n\n<p>Depuis juillet 2018, Evelyne Jardin r\u00e9dige des articles et interviewe des experts et des charg\u00e9s de communication pour le site <a href=\"https:\/\/www.associatheque.fr\/fr\/\" target=\"_blank\" rel=\"noreferrer noopener\" aria-label=\"Associath\u00e8que (s\u2019ouvre dans un nouvel onglet)\">Associath\u00e8que<\/a>, g\u00e9r\u00e9 par le Cr\u00e9dit Mutuel.<\/p>\n\n\n\n<h3 class=\"wp-block-heading\">Formatrice<\/h3>\n\n\n\n<p>Apr\u00e8s une exp\u00e9rience de r\u00e9dactrice en chef d&rsquo;un trimestriel au service Communication d&rsquo;une association, Evelyne Jardin est devenue <em>free lance<\/em>. Depuis 2011, elle <strong>forme des responsables et des b\u00e9n\u00e9voles<\/strong> d&rsquo;association. Quelques unes de ses formations : Elaborer une strat\u00e9gie de communication, Cr\u00e9er un site (2 parties), Animer des communaut\u00e9s, Amorcer des relations influenceurs&#8230;<\/p>\n\n\n\n<figure data-carousel-extra='{\"blog_id\":1,\"permalink\":\"https:\\\/\\\/evelyne-jardin.fr\\\/index.php\\\/communication-associative\\\/\"}'  class=\"wp-block-gallery columns-3 is-cropped wp-block-gallery-1 is-layout-flex wp-block-gallery-is-layout-flex\"><ul class=\"blocks-gallery-grid\"><li class=\"blocks-gallery-item\"><figure><img data-attachment-id=\"554\" data-permalink=\"https:\/\/evelyne-jardin.fr\/formation-strategie-communication-evelyne-jardin-2021-2\/\" data-orig-file=\"https:\/\/i0.wp.com\/evelyne-jardin.fr\/wp-content\/uploads\/2021\/10\/formation-strategie-communication-evelyne-jardin-2021-1.png?fit=1920%2C1080&amp;ssl=1\" data-orig-size=\"1920,1080\" data-comments-opened=\"1\" data-image-meta=\"{&quot;aperture&quot;:&quot;0&quot;,&quot;credit&quot;:&quot;&quot;,&quot;camera&quot;:&quot;&quot;,&quot;caption&quot;:&quot;&quot;,&quot;created_timestamp&quot;:&quot;0&quot;,&quot;copyright&quot;:&quot;&quot;,&quot;focal_length&quot;:&quot;0&quot;,&quot;iso&quot;:&quot;0&quot;,&quot;shutter_speed&quot;:&quot;0&quot;,&quot;title&quot;:&quot;&quot;,&quot;orientation&quot;:&quot;0&quot;}\" data-image-title=\"formation-strategie-communication-evelyne-jardin-2021\" data-image-description=\"\" data-image-caption=\"&lt;p&gt;Cr\u00e9dit : Evelyne Jardin&lt;\/p&gt;\n\" data-medium-file=\"https:\/\/i0.wp.com\/evelyne-jardin.fr\/wp-content\/uploads\/2021\/10\/formation-strategie-communication-evelyne-jardin-2021-1.png?fit=300%2C169&amp;ssl=1\" data-large-file=\"https:\/\/i0.wp.com\/evelyne-jardin.fr\/wp-content\/uploads\/2021\/10\/formation-strategie-communication-evelyne-jardin-2021-1.png?fit=1024%2C576&amp;ssl=1\" decoding=\"async\" loading=\"lazy\" width=\"1024\" height=\"576\" src=\"https:\/\/i0.wp.com\/evelyne-jardin.fr\/wp-content\/uploads\/2021\/10\/formation-strategie-communication-evelyne-jardin-2021-1.png?resize=1024%2C576&#038;ssl=1\" alt=\"\" data-id=\"554\" data-full-url=\"https:\/\/evelyne-jardin.fr\/wp-content\/uploads\/2021\/10\/formation-strategie-communication-evelyne-jardin-2021-1.png\" data-link=\"https:\/\/evelyne-jardin.fr\/formation-strategie-communication-evelyne-jardin-2021-2\/\" class=\"wp-image-554\" srcset=\"https:\/\/i0.wp.com\/evelyne-jardin.fr\/wp-content\/uploads\/2021\/10\/formation-strategie-communication-evelyne-jardin-2021-1.png?resize=1024%2C576&amp;ssl=1 1024w, https:\/\/i0.wp.com\/evelyne-jardin.fr\/wp-content\/uploads\/2021\/10\/formation-strategie-communication-evelyne-jardin-2021-1.png?resize=300%2C169&amp;ssl=1 300w, https:\/\/i0.wp.com\/evelyne-jardin.fr\/wp-content\/uploads\/2021\/10\/formation-strategie-communication-evelyne-jardin-2021-1.png?resize=768%2C432&amp;ssl=1 768w, https:\/\/i0.wp.com\/evelyne-jardin.fr\/wp-content\/uploads\/2021\/10\/formation-strategie-communication-evelyne-jardin-2021-1.png?resize=1536%2C864&amp;ssl=1 1536w, https:\/\/i0.wp.com\/evelyne-jardin.fr\/wp-content\/uploads\/2021\/10\/formation-strategie-communication-evelyne-jardin-2021-1.png?w=1920&amp;ssl=1 1920w\" sizes=\"(max-width: 1024px) 100vw, 1024px\" data-recalc-dims=\"1\" \/><figcaption class=\"blocks-gallery-item__caption\">Cr\u00e9dit : Evelyne Jardin<\/figcaption><\/figure><\/li><li class=\"blocks-gallery-item\"><figure><img data-attachment-id=\"550\" data-permalink=\"https:\/\/evelyne-jardin.fr\/formation-creer-site-part1-evelyne-jardin-2021\/\" data-orig-file=\"https:\/\/i0.wp.com\/evelyne-jardin.fr\/wp-content\/uploads\/2021\/10\/formation-creer-site-part1-evelyne-jardin-2021.png?fit=1920%2C1080&amp;ssl=1\" data-orig-size=\"1920,1080\" data-comments-opened=\"1\" data-image-meta=\"{&quot;aperture&quot;:&quot;0&quot;,&quot;credit&quot;:&quot;&quot;,&quot;camera&quot;:&quot;&quot;,&quot;caption&quot;:&quot;&quot;,&quot;created_timestamp&quot;:&quot;0&quot;,&quot;copyright&quot;:&quot;&quot;,&quot;focal_length&quot;:&quot;0&quot;,&quot;iso&quot;:&quot;0&quot;,&quot;shutter_speed&quot;:&quot;0&quot;,&quot;title&quot;:&quot;&quot;,&quot;orientation&quot;:&quot;0&quot;}\" data-image-title=\"formation-creer-site-part1-evelyne-jardin-2021\" data-image-description=\"\" data-image-caption=\"&lt;p&gt;Cr\u00e9dit : Evelyne Jardin&lt;\/p&gt;\n\" data-medium-file=\"https:\/\/i0.wp.com\/evelyne-jardin.fr\/wp-content\/uploads\/2021\/10\/formation-creer-site-part1-evelyne-jardin-2021.png?fit=300%2C169&amp;ssl=1\" data-large-file=\"https:\/\/i0.wp.com\/evelyne-jardin.fr\/wp-content\/uploads\/2021\/10\/formation-creer-site-part1-evelyne-jardin-2021.png?fit=1024%2C576&amp;ssl=1\" decoding=\"async\" loading=\"lazy\" width=\"1024\" height=\"576\" src=\"https:\/\/i0.wp.com\/evelyne-jardin.fr\/wp-content\/uploads\/2021\/10\/formation-creer-site-part1-evelyne-jardin-2021.png?resize=1024%2C576&#038;ssl=1\" alt=\"\" data-id=\"550\" data-full-url=\"https:\/\/evelyne-jardin.fr\/wp-content\/uploads\/2021\/10\/formation-creer-site-part1-evelyne-jardin-2021.png\" data-link=\"https:\/\/evelyne-jardin.fr\/formation-creer-site-part1-evelyne-jardin-2021\/\" class=\"wp-image-550\" srcset=\"https:\/\/i0.wp.com\/evelyne-jardin.fr\/wp-content\/uploads\/2021\/10\/formation-creer-site-part1-evelyne-jardin-2021.png?resize=1024%2C576&amp;ssl=1 1024w, https:\/\/i0.wp.com\/evelyne-jardin.fr\/wp-content\/uploads\/2021\/10\/formation-creer-site-part1-evelyne-jardin-2021.png?resize=300%2C169&amp;ssl=1 300w, https:\/\/i0.wp.com\/evelyne-jardin.fr\/wp-content\/uploads\/2021\/10\/formation-creer-site-part1-evelyne-jardin-2021.png?resize=768%2C432&amp;ssl=1 768w, https:\/\/i0.wp.com\/evelyne-jardin.fr\/wp-content\/uploads\/2021\/10\/formation-creer-site-part1-evelyne-jardin-2021.png?resize=1536%2C864&amp;ssl=1 1536w, https:\/\/i0.wp.com\/evelyne-jardin.fr\/wp-content\/uploads\/2021\/10\/formation-creer-site-part1-evelyne-jardin-2021.png?w=1920&amp;ssl=1 1920w\" sizes=\"(max-width: 1024px) 100vw, 1024px\" data-recalc-dims=\"1\" \/><figcaption class=\"blocks-gallery-item__caption\">Cr\u00e9dit : Evelyne Jardin<\/figcaption><\/figure><\/li><li class=\"blocks-gallery-item\"><figure><img data-attachment-id=\"551\" data-permalink=\"https:\/\/evelyne-jardin.fr\/formation-creer-site-part2-evelyne-jardin-2021\/\" data-orig-file=\"https:\/\/i0.wp.com\/evelyne-jardin.fr\/wp-content\/uploads\/2021\/10\/formation-creer-site-part2-evelyne-jardin-2021.png?fit=1920%2C1080&amp;ssl=1\" data-orig-size=\"1920,1080\" data-comments-opened=\"1\" data-image-meta=\"{&quot;aperture&quot;:&quot;0&quot;,&quot;credit&quot;:&quot;&quot;,&quot;camera&quot;:&quot;&quot;,&quot;caption&quot;:&quot;&quot;,&quot;created_timestamp&quot;:&quot;0&quot;,&quot;copyright&quot;:&quot;&quot;,&quot;focal_length&quot;:&quot;0&quot;,&quot;iso&quot;:&quot;0&quot;,&quot;shutter_speed&quot;:&quot;0&quot;,&quot;title&quot;:&quot;&quot;,&quot;orientation&quot;:&quot;0&quot;}\" data-image-title=\"formation-creer-site-part2-evelyne-jardin-2021\" data-image-description=\"\" data-image-caption=\"&lt;p&gt;Cr\u00e9dit : Evelyne Jardin&lt;\/p&gt;\n\" data-medium-file=\"https:\/\/i0.wp.com\/evelyne-jardin.fr\/wp-content\/uploads\/2021\/10\/formation-creer-site-part2-evelyne-jardin-2021.png?fit=300%2C169&amp;ssl=1\" data-large-file=\"https:\/\/i0.wp.com\/evelyne-jardin.fr\/wp-content\/uploads\/2021\/10\/formation-creer-site-part2-evelyne-jardin-2021.png?fit=1024%2C576&amp;ssl=1\" decoding=\"async\" loading=\"lazy\" width=\"1024\" height=\"576\" src=\"https:\/\/i0.wp.com\/evelyne-jardin.fr\/wp-content\/uploads\/2021\/10\/formation-creer-site-part2-evelyne-jardin-2021.png?resize=1024%2C576&#038;ssl=1\" alt=\"\" data-id=\"551\" data-full-url=\"https:\/\/evelyne-jardin.fr\/wp-content\/uploads\/2021\/10\/formation-creer-site-part2-evelyne-jardin-2021.png\" data-link=\"https:\/\/evelyne-jardin.fr\/formation-creer-site-part2-evelyne-jardin-2021\/\" class=\"wp-image-551\" srcset=\"https:\/\/i0.wp.com\/evelyne-jardin.fr\/wp-content\/uploads\/2021\/10\/formation-creer-site-part2-evelyne-jardin-2021.png?resize=1024%2C576&amp;ssl=1 1024w, https:\/\/i0.wp.com\/evelyne-jardin.fr\/wp-content\/uploads\/2021\/10\/formation-creer-site-part2-evelyne-jardin-2021.png?resize=300%2C169&amp;ssl=1 300w, https:\/\/i0.wp.com\/evelyne-jardin.fr\/wp-content\/uploads\/2021\/10\/formation-creer-site-part2-evelyne-jardin-2021.png?resize=768%2C432&amp;ssl=1 768w, https:\/\/i0.wp.com\/evelyne-jardin.fr\/wp-content\/uploads\/2021\/10\/formation-creer-site-part2-evelyne-jardin-2021.png?resize=1536%2C864&amp;ssl=1 1536w, https:\/\/i0.wp.com\/evelyne-jardin.fr\/wp-content\/uploads\/2021\/10\/formation-creer-site-part2-evelyne-jardin-2021.png?w=1920&amp;ssl=1 1920w\" sizes=\"(max-width: 1024px) 100vw, 1024px\" data-recalc-dims=\"1\" \/><\/figure><\/li><li class=\"blocks-gallery-item\"><figure><img data-attachment-id=\"552\" data-permalink=\"https:\/\/evelyne-jardin.fr\/formation-relations-influenceurs-evelyne-jardin-2022\/\" data-orig-file=\"https:\/\/i0.wp.com\/evelyne-jardin.fr\/wp-content\/uploads\/2021\/10\/formation-relations-influenceurs-evelyne-jardin-2022.png?fit=1920%2C1080&amp;ssl=1\" data-orig-size=\"1920,1080\" data-comments-opened=\"1\" data-image-meta=\"{&quot;aperture&quot;:&quot;0&quot;,&quot;credit&quot;:&quot;&quot;,&quot;camera&quot;:&quot;&quot;,&quot;caption&quot;:&quot;&quot;,&quot;created_timestamp&quot;:&quot;0&quot;,&quot;copyright&quot;:&quot;&quot;,&quot;focal_length&quot;:&quot;0&quot;,&quot;iso&quot;:&quot;0&quot;,&quot;shutter_speed&quot;:&quot;0&quot;,&quot;title&quot;:&quot;&quot;,&quot;orientation&quot;:&quot;0&quot;}\" data-image-title=\"formation-relations-influenceurs-evelyne-jardin-2022\" data-image-description=\"\" data-image-caption=\"&lt;p&gt;Cr\u00e9dit : Evelyne Jardin&lt;\/p&gt;\n\" data-medium-file=\"https:\/\/i0.wp.com\/evelyne-jardin.fr\/wp-content\/uploads\/2021\/10\/formation-relations-influenceurs-evelyne-jardin-2022.png?fit=300%2C169&amp;ssl=1\" data-large-file=\"https:\/\/i0.wp.com\/evelyne-jardin.fr\/wp-content\/uploads\/2021\/10\/formation-relations-influenceurs-evelyne-jardin-2022.png?fit=1024%2C576&amp;ssl=1\" decoding=\"async\" loading=\"lazy\" width=\"1024\" height=\"576\" src=\"https:\/\/i0.wp.com\/evelyne-jardin.fr\/wp-content\/uploads\/2021\/10\/formation-relations-influenceurs-evelyne-jardin-2022.png?resize=1024%2C576&#038;ssl=1\" alt=\"\" data-id=\"552\" data-full-url=\"https:\/\/evelyne-jardin.fr\/wp-content\/uploads\/2021\/10\/formation-relations-influenceurs-evelyne-jardin-2022.png\" data-link=\"https:\/\/evelyne-jardin.fr\/formation-relations-influenceurs-evelyne-jardin-2022\/\" class=\"wp-image-552\" srcset=\"https:\/\/i0.wp.com\/evelyne-jardin.fr\/wp-content\/uploads\/2021\/10\/formation-relations-influenceurs-evelyne-jardin-2022.png?resize=1024%2C576&amp;ssl=1 1024w, https:\/\/i0.wp.com\/evelyne-jardin.fr\/wp-content\/uploads\/2021\/10\/formation-relations-influenceurs-evelyne-jardin-2022.png?resize=300%2C169&amp;ssl=1 300w, https:\/\/i0.wp.com\/evelyne-jardin.fr\/wp-content\/uploads\/2021\/10\/formation-relations-influenceurs-evelyne-jardin-2022.png?resize=768%2C432&amp;ssl=1 768w, https:\/\/i0.wp.com\/evelyne-jardin.fr\/wp-content\/uploads\/2021\/10\/formation-relations-influenceurs-evelyne-jardin-2022.png?resize=1536%2C864&amp;ssl=1 1536w, https:\/\/i0.wp.com\/evelyne-jardin.fr\/wp-content\/uploads\/2021\/10\/formation-relations-influenceurs-evelyne-jardin-2022.png?w=1920&amp;ssl=1 1920w\" sizes=\"(max-width: 1024px) 100vw, 1024px\" data-recalc-dims=\"1\" \/><figcaption class=\"blocks-gallery-item__caption\">Cr\u00e9dit : Evelyne Jardin<\/figcaption><\/figure><\/li><\/ul><figcaption class=\"blocks-gallery-caption\">Quelques exemples de formations anim\u00e9es par Evelyne Jardin<\/figcaption><\/figure>\n\n\n\n<h4 class=\"wp-block-heading\">Du libre dans mes formations<\/h4>\n\n\n\n<p>Ces formations contiennent syst\u00e9matiquement une <strong>sensibilisation \u00e0 la culture num\u00e9rique et plus particuli\u00e8rement \u00e0 la culture libre<\/strong> (logiciels et services en ligne libres). Evelyne Jardin participe activement au Festival <em>Libre en f\u00eate<\/em>, tous les ans.<\/p>\n\n\n\n<h4 class=\"wp-block-heading\">Ing\u00e9nierie de formation<\/h4>\n\n\n\n<p>Depuis 2011, le service Vie associative de la mairie de Nanterre l&rsquo;implique dans l&rsquo;\u00e9laboration du programme de formation \u00e0 destination des associations de la ville. Ils font \u00e9voluer le programme en tenant compte des <strong>besoins exprim\u00e9s<\/strong> par les associations et de l&rsquo;\u00e9volution des usages communicationnels.<\/p>\n\n\n\n<h4 class=\"wp-block-heading\">R\u00e9f\u00e9rences<\/h4>\n\n\n\n<p>CAP (Carrefour des associations parisiennes), maisons des associations d&rsquo;arrondissement de Paris, CRAJEP d&rsquo;Ile-de-France, Mairies d&rsquo;Asni\u00e8res, de Nanterre, de Fontenay-aux-Roses, Ligue de l&rsquo;enseignement du 92&#8230;<\/p>\n\n\n\n<div class=\"wp-block-button aligncenter\"><a class=\"wp-block-button__link has-text-color has-very-light-gray-color has-background\" href=\"https:\/\/www.nanterre.fr\/2001-les-formations-pour-les-associations.htm\" style=\"background-color:#5a5a5a\">FORMATIONS POUR NANTERRE<\/a><\/div>\n\n\n\n<p class=\"has-text-align-center\"> Enseignante <strong>\u00e0 l&rsquo;universit\u00e9 Paris Nanterre<\/strong>, Evelyne Jardin est aussi impliqu\u00e9e dans des <strong><a href=\"https:\/\/evelyne-jardin.fr\/index.php\/projets-pedagogiques\/\">projets p\u00e9dagogiques<\/a><\/strong>.<\/p>\n","protected":false},"excerpt":{"rendered":"<p>Depuis 2011, je forme des b\u00e9n\u00e9voles et des responsables associatifs \u00e0 la communication Web. Je suis aussi auteure pour Juris Associations et experte pour Associath\u00e8que.<\/p>\n","protected":false},"author":1,"featured_media":0,"parent":0,"menu_order":0,"comment_status":"closed","ping_status":"closed","template":"","meta":{"jetpack_post_was_ever_published":false,"footnotes":""},"jetpack_sharing_enabled":true,"jetpack_shortlink":"https:\/\/wp.me\/P9icIM-7q","jetpack-related-posts":[{"id":470,"url":"https:\/\/evelyne-jardin.fr\/index.php\/projets-pedagogiques\/","url_meta":{"origin":460,"position":0},"title":"Projets p\u00e9dagogiques","author":"Evelyne","date":"1 janvier 2020","format":false,"excerpt":"Ing\u00e9nierie de formation, pilotage de projets tuteur\u00e9s et animation de r\u00e9seau, Evelyne Jardin est tr\u00e8s investie dans un master \u00e0 l'universit\u00e9 Paris Nanterre.","rel":"","context":"Article similaire","block_context":{"text":"Article similaire","link":""},"img":{"alt_text":"Banni\u00e8re Facebook du projet tuteur\u00e9 Nanterre pas ta plan\u00e8te","src":"https:\/\/i0.wp.com\/evelyne-jardin.fr\/wp-content\/uploads\/2020\/01\/banniere-escape-game-fin.jpg?fit=1048%2C214&ssl=1&resize=350%2C200","width":350,"height":200,"srcset":"https:\/\/i0.wp.com\/evelyne-jardin.fr\/wp-content\/uploads\/2020\/01\/banniere-escape-game-fin.jpg?fit=1048%2C214&ssl=1&resize=350%2C200 1x, https:\/\/i0.wp.com\/evelyne-jardin.fr\/wp-content\/uploads\/2020\/01\/banniere-escape-game-fin.jpg?fit=1048%2C214&ssl=1&resize=525%2C300 1.5x, https:\/\/i0.wp.com\/evelyne-jardin.fr\/wp-content\/uploads\/2020\/01\/banniere-escape-game-fin.jpg?fit=1048%2C214&ssl=1&resize=700%2C400 2x"},"classes":[]},{"id":467,"url":"https:\/\/evelyne-jardin.fr\/index.php\/mediation-numerique\/","url_meta":{"origin":460,"position":1},"title":"M\u00e9diation num\u00e9rique","author":"Evelyne","date":"1 janvier 2020","format":false,"excerpt":"Depuis 2011, je suis m\u00e9diatrice num\u00e9rique dans un centre social. Et j'anime une \u00e9mission de radio.","rel":"","context":"Article similaire","block_context":{"text":"Article similaire","link":""},"img":{"alt_text":"Photo de l'enregistrement de l'\u00e9mission Le num\u00e9rique et vous, Radio Agora","src":"https:\/\/i0.wp.com\/evelyne-jardin.fr\/wp-content\/uploads\/2020\/01\/radio-adora-numerique-avril-2019-scaled.jpg?fit=1200%2C900&ssl=1&resize=350%2C200","width":350,"height":200,"srcset":"https:\/\/i0.wp.com\/evelyne-jardin.fr\/wp-content\/uploads\/2020\/01\/radio-adora-numerique-avril-2019-scaled.jpg?fit=1200%2C900&ssl=1&resize=350%2C200 1x, https:\/\/i0.wp.com\/evelyne-jardin.fr\/wp-content\/uploads\/2020\/01\/radio-adora-numerique-avril-2019-scaled.jpg?fit=1200%2C900&ssl=1&resize=525%2C300 1.5x, https:\/\/i0.wp.com\/evelyne-jardin.fr\/wp-content\/uploads\/2020\/01\/radio-adora-numerique-avril-2019-scaled.jpg?fit=1200%2C900&ssl=1&resize=700%2C400 2x, https:\/\/i0.wp.com\/evelyne-jardin.fr\/wp-content\/uploads\/2020\/01\/radio-adora-numerique-avril-2019-scaled.jpg?fit=1200%2C900&ssl=1&resize=1050%2C600 3x"},"classes":[]}],"_links":{"self":[{"href":"https:\/\/evelyne-jardin.fr\/index.php\/wp-json\/wp\/v2\/pages\/460"}],"collection":[{"href":"https:\/\/evelyne-jardin.fr\/index.php\/wp-json\/wp\/v2\/pages"}],"about":[{"href":"https:\/\/evelyne-jardin.fr\/index.php\/wp-json\/wp\/v2\/types\/page"}],"author":[{"embeddable":true,"href":"https:\/\/evelyne-jardin.fr\/index.php\/wp-json\/wp\/v2\/users\/1"}],"replies":[{"embeddable":true,"href":"https:\/\/evelyne-jardin.fr\/index.php\/wp-json\/wp\/v2\/comments?post=460"}],"version-history":[{"count":14,"href":"https:\/\/evelyne-jardin.fr\/index.php\/wp-json\/wp\/v2\/pages\/460\/revisions"}],"predecessor-version":[{"id":558,"href":"https:\/\/evelyne-jardin.fr\/index.php\/wp-json\/wp\/v2\/pages\/460\/revisions\/558"}],"wp:attachment":[{"href":"https:\/\/evelyne-jardin.fr\/index.php\/wp-json\/wp\/v2\/media?parent=460"}],"curies":[{"name":"wp","href":"https:\/\/api.w.org\/{rel}","templated":true}]}}